{"id":545,"date":"2014-03-07T10:46:33","date_gmt":"2014-03-07T08:46:33","guid":{"rendered":"https:\/\/www.antoniorivasmusic.com\/fans\/"},"modified":"2025-04-08T11:33:58","modified_gmt":"2025-04-08T09:33:58","slug":"fans","status":"publish","type":"page","link":"https:\/\/www.antoniorivasmusic.com\/en\/fans\/","title":{"rendered":"Fans"},"content":{"rendered":"<h3 class=\"h3 gray\">Welcome to the Antonio Rivas Fan Club!<\/h3>\n<h3 class=\"h3 gray\" style=\"margin-top: 20px;\">Hi [pcud-user-data f=&#8221;username&#8221;],<\/h3>\n","protected":false},"excerpt":{"rendered":"<p>\u00a1Bienvenido al \u00c1rea de Fans de Antonio Rivas!<br \/>Aqu\u00ed podr\u00e1s encontrar contenidos exclusivos sobre Antonio: noticias, conciertos, pre-venta de entradas, multimedia&#8230; as\u00ed como la posibilidad de conocerlo personalmente.<br \/>\u00a1Te invitamos a que te registres!<\/p>\n","protected":false},"author":1,"featured_media":0,"parent":0,"menu_order":0,"comment_status":"open","ping_status":"open","template":"","meta":{"_acf_changed":false,"footnotes":""},"class_list":["post-545","page","type-page","status-publish","hentry"],"acf":[],"yoast_head":"<!-- This site is optimized with the Yoast SEO plugin v24.8.1 - https:\/\/yoast.com\/wordpress\/plugins\/seo\/ -->\n<title>\u00c1rea Fan de Antonio Rivas | Antonio Rivas Music<\/title>\n<meta name=\"description\" content=\"Consigue contenidos exclusivos de Antonio Rivas y su m\u00fasica en el \u00c1rea Fan. Reg\u00edstrate y consigue nuevas canciones, v\u00eddeos y entradas para sus conciertos\" \/>\n<meta name=\"robots\" content=\"index, follow, max-snippet:-1, max-image-preview:large, max-video-preview:-1\" \/>\n<link rel=\"canonical\" href=\"https:\/\/www.antoniorivasmusic.com\/en\/fans\/\" \/>\n<meta property=\"og:locale\" content=\"en_US\" \/>\n<meta property=\"og:type\" content=\"article\" \/>\n<meta property=\"og:title\" content=\"\u00c1rea Fan de Antonio Rivas | Antonio Rivas Music\" \/>\n<meta property=\"og:description\" content=\"Consigue contenidos exclusivos de Antonio Rivas y su m\u00fasica en el \u00c1rea Fan. Reg\u00edstrate y consigue nuevas canciones, v\u00eddeos y entradas para sus conciertos\" \/>\n<meta property=\"og:url\" content=\"https:\/\/www.antoniorivasmusic.com\/en\/fans\/\" \/>\n<meta property=\"og:site_name\" content=\"Antonio Rivas\" \/>\n<meta property=\"article:modified_time\" content=\"2025-04-08T09:33:58+00:00\" \/>\n<meta name=\"twitter:label1\" content=\"Est. reading time\" \/>\n\t<meta name=\"twitter:data1\" content=\"1 minute\" \/>\n<script type=\"application\/ld+json\" class=\"yoast-schema-graph\">{\"@context\":\"https:\/\/schema.org\",\"@graph\":[{\"@type\":\"WebPage\",\"@id\":\"https:\/\/www.antoniorivasmusic.com\/en\/fans\/\",\"url\":\"https:\/\/www.antoniorivasmusic.com\/en\/fans\/\",\"name\":\"\u00c1rea Fan de Antonio Rivas | Antonio Rivas Music\",\"isPartOf\":{\"@id\":\"https:\/\/www.antoniorivasmusic.com\/#website\"},\"datePublished\":\"2014-03-07T08:46:33+00:00\",\"dateModified\":\"2025-04-08T09:33:58+00:00\",\"description\":\"Consigue contenidos exclusivos de Antonio Rivas y su m\u00fasica en el \u00c1rea Fan. Reg\u00edstrate y consigue nuevas canciones, v\u00eddeos y entradas para sus conciertos\",\"inLanguage\":\"en-US\",\"potentialAction\":[{\"@type\":\"ReadAction\",\"target\":[\"https:\/\/www.antoniorivasmusic.com\/en\/fans\/\"]}]},{\"@type\":\"WebSite\",\"@id\":\"https:\/\/www.antoniorivasmusic.com\/#website\",\"url\":\"https:\/\/www.antoniorivasmusic.com\/\",\"name\":\"Antonio Rivas\",\"description\":\"Antonio Rivas Music\",\"potentialAction\":[{\"@type\":\"SearchAction\",\"target\":{\"@type\":\"EntryPoint\",\"urlTemplate\":\"https:\/\/www.antoniorivasmusic.com\/?s={search_term_string}\"},\"query-input\":{\"@type\":\"PropertyValueSpecification\",\"valueRequired\":true,\"valueName\":\"search_term_string\"}}],\"inLanguage\":\"en-US\"}]}<\/script>\n<!-- \/ Yoast SEO plugin. -->","yoast_head_json":{"title":"\u00c1rea Fan de Antonio Rivas | Antonio Rivas Music","description":"Consigue contenidos exclusivos de Antonio Rivas y su m\u00fasica en el \u00c1rea Fan. Reg\u00edstrate y consigue nuevas canciones, v\u00eddeos y entradas para sus conciertos","robots":{"index":"index","follow":"follow","max-snippet":"max-snippet:-1","max-image-preview":"max-image-preview:large","max-video-preview":"max-video-preview:-1"},"canonical":"https:\/\/www.antoniorivasmusic.com\/en\/fans\/","og_locale":"en_US","og_type":"article","og_title":"\u00c1rea Fan de Antonio Rivas | Antonio Rivas Music","og_description":"Consigue contenidos exclusivos de Antonio Rivas y su m\u00fasica en el \u00c1rea Fan. Reg\u00edstrate y consigue nuevas canciones, v\u00eddeos y entradas para sus conciertos","og_url":"https:\/\/www.antoniorivasmusic.com\/en\/fans\/","og_site_name":"Antonio Rivas","article_modified_time":"2025-04-08T09:33:58+00:00","twitter_misc":{"Est. reading time":"1 minute"},"schema":{"@context":"https:\/\/schema.org","@graph":[{"@type":"WebPage","@id":"https:\/\/www.antoniorivasmusic.com\/en\/fans\/","url":"https:\/\/www.antoniorivasmusic.com\/en\/fans\/","name":"\u00c1rea Fan de Antonio Rivas | Antonio Rivas Music","isPartOf":{"@id":"https:\/\/www.antoniorivasmusic.com\/#website"},"datePublished":"2014-03-07T08:46:33+00:00","dateModified":"2025-04-08T09:33:58+00:00","description":"Consigue contenidos exclusivos de Antonio Rivas y su m\u00fasica en el \u00c1rea Fan. Reg\u00edstrate y consigue nuevas canciones, v\u00eddeos y entradas para sus conciertos","inLanguage":"en-US","potentialAction":[{"@type":"ReadAction","target":["https:\/\/www.antoniorivasmusic.com\/en\/fans\/"]}]},{"@type":"WebSite","@id":"https:\/\/www.antoniorivasmusic.com\/#website","url":"https:\/\/www.antoniorivasmusic.com\/","name":"Antonio Rivas","description":"Antonio Rivas Music","potentialAction":[{"@type":"SearchAction","target":{"@type":"EntryPoint","urlTemplate":"https:\/\/www.antoniorivasmusic.com\/?s={search_term_string}"},"query-input":{"@type":"PropertyValueSpecification","valueRequired":true,"valueName":"search_term_string"}}],"inLanguage":"en-US"}]}},"_links":{"self":[{"href":"https:\/\/www.antoniorivasmusic.com\/en\/wp-json\/wp\/v2\/pages\/545","targetHints":{"allow":["GET"]}}],"collection":[{"href":"https:\/\/www.antoniorivasmusic.com\/en\/wp-json\/wp\/v2\/pages"}],"about":[{"href":"https:\/\/www.antoniorivasmusic.com\/en\/wp-json\/wp\/v2\/types\/page"}],"author":[{"embeddable":true,"href":"https:\/\/www.antoniorivasmusic.com\/en\/wp-json\/wp\/v2\/users\/1"}],"replies":[{"embeddable":true,"href":"https:\/\/www.antoniorivasmusic.com\/en\/wp-json\/wp\/v2\/comments?post=545"}],"version-history":[{"count":0,"href":"https:\/\/www.antoniorivasmusic.com\/en\/wp-json\/wp\/v2\/pages\/545\/revisions"}],"wp:attachment":[{"href":"https:\/\/www.antoniorivasmusic.com\/en\/wp-json\/wp\/v2\/media?parent=545"}],"curies":[{"name":"wp","href":"https:\/\/api.w.org\/{rel}","templated":true}]}}