{"id":542,"date":"2014-03-04T16:41:42","date_gmt":"2014-03-04T14:41:42","guid":{"rendered":"https:\/\/www.antoniorivasmusic.com\/conciertos\/"},"modified":"2025-04-08T11:31:12","modified_gmt":"2025-04-08T09:31:12","slug":"concerts","status":"publish","type":"page","link":"https:\/\/www.antoniorivasmusic.com\/en\/concerts\/","title":{"rendered":"Concerts"},"content":{"rendered":"<p>Post emensos insuperabilis expeditionis eventus languentibus partium animis, quas periculorum varietas fregerat et laborum, nondum tubarum cessante clangore vel milite locato per stationes hibernas, fortunae saevientis procellae tempestates alias rebus infudere communibus per multa illa et dira facinora<\/p>\n","protected":false},"excerpt":{"rendered":"<p>Post emensos insuperabilis expeditionis eventus languentibus partium animis, quas periculorum varietas fregerat et laborum, nondum tubarum cessante clangore vel milite locato per stationes hibernas, fortunae saevientis procellae tempestates alias rebus infudere communibus per multa illa et dira facinora<\/p>\n","protected":false},"author":1,"featured_media":0,"parent":0,"menu_order":0,"comment_status":"open","ping_status":"open","template":"page-conciertos.php","meta":{"_acf_changed":false,"footnotes":""},"class_list":["post-542","page","type-page","status-publish","hentry"],"acf":[],"yoast_head":"<!-- This site is optimized with the Yoast SEO plugin v24.8.1 - https:\/\/yoast.com\/wordpress\/plugins\/seo\/ -->\n<title>Pr\u00f3ximos conciertos de Antonio Rivas | Antonio Rivas Music<\/title>\n<meta name=\"description\" content=\"Pr\u00f3ximos conciertos de Antonio Rivas. Visita la web oficial para conocer las pr\u00f3ximas fechas de conciertos del cantante.\" \/>\n<meta name=\"robots\" content=\"index, follow, max-snippet:-1, max-image-preview:large, max-video-preview:-1\" \/>\n<link rel=\"canonical\" href=\"https:\/\/www.antoniorivasmusic.com\/en\/concerts\/\" \/>\n<meta property=\"og:locale\" content=\"en_US\" \/>\n<meta property=\"og:type\" content=\"article\" \/>\n<meta property=\"og:title\" content=\"Pr\u00f3ximos conciertos de Antonio Rivas | Antonio Rivas Music\" \/>\n<meta property=\"og:description\" content=\"Pr\u00f3ximos conciertos de Antonio Rivas. Visita la web oficial para conocer las pr\u00f3ximas fechas de conciertos del cantante.\" \/>\n<meta property=\"og:url\" content=\"https:\/\/www.antoniorivasmusic.com\/en\/concerts\/\" \/>\n<meta property=\"og:site_name\" content=\"Antonio Rivas\" \/>\n<meta property=\"article:modified_time\" content=\"2025-04-08T09:31:12+00:00\" \/>\n<meta name=\"twitter:label1\" content=\"Est. reading time\" \/>\n\t<meta name=\"twitter:data1\" content=\"1 minute\" \/>\n<script type=\"application\/ld+json\" class=\"yoast-schema-graph\">{\"@context\":\"https:\/\/schema.org\",\"@graph\":[{\"@type\":\"WebPage\",\"@id\":\"https:\/\/www.antoniorivasmusic.com\/en\/concerts\/\",\"url\":\"https:\/\/www.antoniorivasmusic.com\/en\/concerts\/\",\"name\":\"Pr\u00f3ximos conciertos de Antonio Rivas | Antonio Rivas Music\",\"isPartOf\":{\"@id\":\"https:\/\/www.antoniorivasmusic.com\/#website\"},\"datePublished\":\"2014-03-04T14:41:42+00:00\",\"dateModified\":\"2025-04-08T09:31:12+00:00\",\"description\":\"Pr\u00f3ximos conciertos de Antonio Rivas. Visita la web oficial para conocer las pr\u00f3ximas fechas de conciertos del cantante.\",\"inLanguage\":\"en-US\",\"potentialAction\":[{\"@type\":\"ReadAction\",\"target\":[\"https:\/\/www.antoniorivasmusic.com\/en\/concerts\/\"]}]},{\"@type\":\"WebSite\",\"@id\":\"https:\/\/www.antoniorivasmusic.com\/#website\",\"url\":\"https:\/\/www.antoniorivasmusic.com\/\",\"name\":\"Antonio Rivas\",\"description\":\"Antonio Rivas Music\",\"potentialAction\":[{\"@type\":\"SearchAction\",\"target\":{\"@type\":\"EntryPoint\",\"urlTemplate\":\"https:\/\/www.antoniorivasmusic.com\/?s={search_term_string}\"},\"query-input\":{\"@type\":\"PropertyValueSpecification\",\"valueRequired\":true,\"valueName\":\"search_term_string\"}}],\"inLanguage\":\"en-US\"}]}<\/script>\n<!-- \/ Yoast SEO plugin. -->","yoast_head_json":{"title":"Pr\u00f3ximos conciertos de Antonio Rivas | Antonio Rivas Music","description":"Pr\u00f3ximos conciertos de Antonio Rivas. Visita la web oficial para conocer las pr\u00f3ximas fechas de conciertos del cantante.","robots":{"index":"index","follow":"follow","max-snippet":"max-snippet:-1","max-image-preview":"max-image-preview:large","max-video-preview":"max-video-preview:-1"},"canonical":"https:\/\/www.antoniorivasmusic.com\/en\/concerts\/","og_locale":"en_US","og_type":"article","og_title":"Pr\u00f3ximos conciertos de Antonio Rivas | Antonio Rivas Music","og_description":"Pr\u00f3ximos conciertos de Antonio Rivas. Visita la web oficial para conocer las pr\u00f3ximas fechas de conciertos del cantante.","og_url":"https:\/\/www.antoniorivasmusic.com\/en\/concerts\/","og_site_name":"Antonio Rivas","article_modified_time":"2025-04-08T09:31:12+00:00","twitter_misc":{"Est. reading time":"1 minute"},"schema":{"@context":"https:\/\/schema.org","@graph":[{"@type":"WebPage","@id":"https:\/\/www.antoniorivasmusic.com\/en\/concerts\/","url":"https:\/\/www.antoniorivasmusic.com\/en\/concerts\/","name":"Pr\u00f3ximos conciertos de Antonio Rivas | Antonio Rivas Music","isPartOf":{"@id":"https:\/\/www.antoniorivasmusic.com\/#website"},"datePublished":"2014-03-04T14:41:42+00:00","dateModified":"2025-04-08T09:31:12+00:00","description":"Pr\u00f3ximos conciertos de Antonio Rivas. Visita la web oficial para conocer las pr\u00f3ximas fechas de conciertos del cantante.","inLanguage":"en-US","potentialAction":[{"@type":"ReadAction","target":["https:\/\/www.antoniorivasmusic.com\/en\/concerts\/"]}]},{"@type":"WebSite","@id":"https:\/\/www.antoniorivasmusic.com\/#website","url":"https:\/\/www.antoniorivasmusic.com\/","name":"Antonio Rivas","description":"Antonio Rivas Music","potentialAction":[{"@type":"SearchAction","target":{"@type":"EntryPoint","urlTemplate":"https:\/\/www.antoniorivasmusic.com\/?s={search_term_string}"},"query-input":{"@type":"PropertyValueSpecification","valueRequired":true,"valueName":"search_term_string"}}],"inLanguage":"en-US"}]}},"_links":{"self":[{"href":"https:\/\/www.antoniorivasmusic.com\/en\/wp-json\/wp\/v2\/pages\/542","targetHints":{"allow":["GET"]}}],"collection":[{"href":"https:\/\/www.antoniorivasmusic.com\/en\/wp-json\/wp\/v2\/pages"}],"about":[{"href":"https:\/\/www.antoniorivasmusic.com\/en\/wp-json\/wp\/v2\/types\/page"}],"author":[{"embeddable":true,"href":"https:\/\/www.antoniorivasmusic.com\/en\/wp-json\/wp\/v2\/users\/1"}],"replies":[{"embeddable":true,"href":"https:\/\/www.antoniorivasmusic.com\/en\/wp-json\/wp\/v2\/comments?post=542"}],"version-history":[{"count":0,"href":"https:\/\/www.antoniorivasmusic.com\/en\/wp-json\/wp\/v2\/pages\/542\/revisions"}],"wp:attachment":[{"href":"https:\/\/www.antoniorivasmusic.com\/en\/wp-json\/wp\/v2\/media?parent=542"}],"curies":[{"name":"wp","href":"https:\/\/api.w.org\/{rel}","templated":true}]}}